{"id":40,"date":"2024-08-21T23:35:28","date_gmt":"2024-08-21T21:35:28","guid":{"rendered":"https:\/\/www.ividream.com\/espa%C3%B1ol\/?page_id=40"},"modified":"2024-08-24T23:15:27","modified_gmt":"2024-08-24T21:15:27","slug":"servicios","status":"publish","type":"page","link":"https:\/\/www.ividream.com\/espa%C3%B1ol\/servicios\/","title":{"rendered":"SERVICIOS"},"content":{"rendered":"<p>Bienvenidos a <strong>IVI <\/strong><strong>DREAMS<\/strong>, somos expertos en dar vida a tus ideas a trav\u00e9s de la animaci\u00f3n japonesa. Nuestro equipo especializado y de gran talento ofrece servicios de alta calidad que garantizan resultados excepcionales.<\/p>\n<hr \/>\n<h3 style=\"text-align: center;\">NUESTROS SERVICIOS<\/h3>\n<hr \/>\n<p><strong>Supervisi\u00f3n de Animaci\u00f3n (Sakkan)<\/strong><\/p>\n<p>Contamos con supervisores de animaci\u00f3n altamente calificados que aseguran la coherencia y la calidad de cada proyecto. Nos encargamos de que cada cuadro cuente una historia, manteniendo la esencia art\u00edstica y la visi\u00f3n del director.<\/p>\n<p><strong>Animaci\u00f3n Layout (LO\/GEN)<\/strong><\/p>\n<p>Nuestra experiencia en animaci\u00f3n layout es fundamental para establecer el ritmo y la composici\u00f3n visual de cada escena. Creamos dise\u00f1os que no solo son atractivos, sino que tambi\u00e9n sirven como una gu\u00eda clara para el proceso de animaci\u00f3n.<\/p>\n<p><strong>Animaci\u00f3n Limpia (2Gen)<\/strong><\/p>\n<p>La animaci\u00f3n limpia es crucial para dar un acabado profesional a tus proyectos. Nuestro equipo se especializa en transformar bocetos y animaciones en secuencias pulidas y listas para la producci\u00f3n, asegurando que cada detalle se perfeccione.<\/p>\n<p><strong>\u00bfPor qu\u00e9 elegirnos?<\/strong><\/p>\n<ul>\n<li><strong>Experiencia y Profesionalidad:<\/strong> Contamos con personal con varios a\u00f1os de experiencia en la industria y entendemos las necesidades \u00fanicas de cada cliente.<\/li>\n<li><strong>Pasi\u00f3n por la Animaci\u00f3n:<\/strong> Nuestro amor por la animaci\u00f3n japonesa se refleja en cada proyecto que realizamos.<\/li>\n<li><strong>Compromiso con la Calidad:<\/strong> Nos esforzamos por superar las expectativas y entregar resultados que impresionen.<\/li>\n<li><strong>Cont\u00e1ctanos:<\/strong><br \/>\nSi est\u00e1s listo para llevar tu proyecto al siguiente nivel, no dudes en ponerte en contacto con nosotros. En <strong>IVI<\/strong><strong>\u00a0DREAMS<\/strong>, estamos aqu\u00ed para ayudarte a crear magia a trav\u00e9s de la animaci\u00f3n.<\/li>\n<\/ul>\n","protected":false},"excerpt":{"rendered":"<p>Bienvenidos a IVI DREAMS, somos expertos en dar vida a tus ideas a trav\u00e9s de la animaci\u00f3n japonesa. Nuestro equipo especializado y de gran talento ofrece servicios de alta calidad que garantizan resultados excepcionales. NUESTROS SERVICIOS Supervisi\u00f3n de Animaci\u00f3n (Sakkan) Contamos con supervisores de animaci\u00f3n altamente calificados que aseguran la coherencia y la calidad de [&hellip;]<\/p>\n","protected":false},"author":1,"featured_media":102,"parent":0,"menu_order":0,"comment_status":"closed","ping_status":"closed","template":"","meta":{"footnotes":""},"class_list":{"0":"post-40","1":"page","2":"type-page","3":"status-publish","4":"has-post-thumbnail","6":"entry"},"_links":{"self":[{"href":"https:\/\/www.ividream.com\/espa%C3%B1ol\/wp-json\/wp\/v2\/pages\/40","targetHints":{"allow":["GET"]}}],"collection":[{"href":"https:\/\/www.ividream.com\/espa%C3%B1ol\/wp-json\/wp\/v2\/pages"}],"about":[{"href":"https:\/\/www.ividream.com\/espa%C3%B1ol\/wp-json\/wp\/v2\/types\/page"}],"author":[{"embeddable":true,"href":"https:\/\/www.ividream.com\/espa%C3%B1ol\/wp-json\/wp\/v2\/users\/1"}],"replies":[{"embeddable":true,"href":"https:\/\/www.ividream.com\/espa%C3%B1ol\/wp-json\/wp\/v2\/comments?post=40"}],"version-history":[{"count":1,"href":"https:\/\/www.ividream.com\/espa%C3%B1ol\/wp-json\/wp\/v2\/pages\/40\/revisions"}],"predecessor-version":[{"id":41,"href":"https:\/\/www.ividream.com\/espa%C3%B1ol\/wp-json\/wp\/v2\/pages\/40\/revisions\/41"}],"wp:featuredmedia":[{"embeddable":true,"href":"https:\/\/www.ividream.com\/espa%C3%B1ol\/wp-json\/wp\/v2\/media\/102"}],"wp:attachment":[{"href":"https:\/\/www.ividream.com\/espa%C3%B1ol\/wp-json\/wp\/v2\/media?parent=40"}],"curies":[{"name":"wp","href":"https:\/\/api.w.org\/{rel}","templated":true}]}}