{"id":42,"date":"2024-08-21T23:36:27","date_gmt":"2024-08-21T21:36:27","guid":{"rendered":"https:\/\/www.ividream.com\/espa%C3%B1ol\/?page_id=42"},"modified":"2024-08-24T23:15:47","modified_gmt":"2024-08-24T21:15:47","slug":"trabaja-con-nosotros","status":"publish","type":"page","link":"https:\/\/www.ividream.com\/espa%C3%B1ol\/trabaja-con-nosotros\/","title":{"rendered":"TRABAJA CON NOSOTROS"},"content":{"rendered":"<h3>\u00a1\u00danete a Nuestro Equipo!<\/h3>\n<p>En <strong>IVI DREAMS<\/strong>, somos apasionados de la animaci\u00f3n japonesa y estamos en constante b\u00fasqueda de personas con aptitudes que compartan nuestra visi\u00f3n. Si te encanta el anime, los videojuegos y la cultura pop japonesa, \u00a1te queremos en nuestro equipo!<\/p>\n<h3>\u00bfPor qu\u00e9 trabajar con nosotros?<\/h3>\n<p><strong>Ambiente Creativo:<\/strong> Fomentamos un entorno donde la creatividad y la innovaci\u00f3n son valoradas. Aqu\u00ed, tus ideas pueden cobrar vida.<br \/>\n<strong>Proyectos Diversos:<\/strong> Trabaja en una variedad de proyectos emocionantes, desde la producci\u00f3n de series animadas y contenido multimedia.<br \/>\n<strong>Crecimiento Profesional:<\/strong> Ofrecemos oportunidades de formaci\u00f3n y desarrollo para que puedas crecer y avanzar en tu carrera en la industria de la animaci\u00f3n.<br \/>\n<strong>Equipo Apasionado:<\/strong> Forma parte de un grupo diverso de profesionales que comparten tu pasi\u00f3n por la animaci\u00f3n y la cultura japonesa.<\/p>\n<h3>Buscamos:<\/h3>\n<p><strong>Artistas de Animaci\u00f3n:<\/strong> Si tienes habilidades en dibujo y animaci\u00f3n, queremos ver tu portafolio.<br \/>\n<strong>Desarrolladores:<\/strong> \u00danete a nuestro equipo t\u00e9cnico para crear experiencias interactivas inolvidables.<br \/>\n<strong>Productores y Gestores de Proyecto:<\/strong> Si tienes experiencia en la gesti\u00f3n de proyectos creativos, tu liderazgo es bienvenido.<\/p>\n<h3>Contacta con nosotros:<\/h3>\n<p>Si est\u00e1s listo para dar el siguiente paso en tu carrera y unirte a un equipo apasionado por la animaci\u00f3n japonesa, env\u00edanos tu <strong>CV<\/strong> y una carta de presentaci\u00f3n a <strong>personal@ividream.com<\/strong><\/p>\n<p>\u00a1Esperamos conocerte pronto!<\/p>\n","protected":false},"excerpt":{"rendered":"<p>\u00a1\u00danete a Nuestro Equipo! En IVI DREAMS, somos apasionados de la animaci\u00f3n japonesa y estamos en constante b\u00fasqueda de personas con aptitudes que compartan nuestra visi\u00f3n. Si te encanta el anime, los videojuegos y la cultura pop japonesa, \u00a1te queremos en nuestro equipo! \u00bfPor qu\u00e9 trabajar con nosotros? Ambiente Creativo: Fomentamos un entorno donde la [&hellip;]<\/p>\n","protected":false},"author":1,"featured_media":103,"parent":0,"menu_order":0,"comment_status":"closed","ping_status":"closed","template":"","meta":{"footnotes":""},"class_list":{"0":"post-42","1":"page","2":"type-page","3":"status-publish","4":"has-post-thumbnail","6":"entry"},"_links":{"self":[{"href":"https:\/\/www.ividream.com\/espa%C3%B1ol\/wp-json\/wp\/v2\/pages\/42","targetHints":{"allow":["GET"]}}],"collection":[{"href":"https:\/\/www.ividream.com\/espa%C3%B1ol\/wp-json\/wp\/v2\/pages"}],"about":[{"href":"https:\/\/www.ividream.com\/espa%C3%B1ol\/wp-json\/wp\/v2\/types\/page"}],"author":[{"embeddable":true,"href":"https:\/\/www.ividream.com\/espa%C3%B1ol\/wp-json\/wp\/v2\/users\/1"}],"replies":[{"embeddable":true,"href":"https:\/\/www.ividream.com\/espa%C3%B1ol\/wp-json\/wp\/v2\/comments?post=42"}],"version-history":[{"count":1,"href":"https:\/\/www.ividream.com\/espa%C3%B1ol\/wp-json\/wp\/v2\/pages\/42\/revisions"}],"predecessor-version":[{"id":43,"href":"https:\/\/www.ividream.com\/espa%C3%B1ol\/wp-json\/wp\/v2\/pages\/42\/revisions\/43"}],"wp:featuredmedia":[{"embeddable":true,"href":"https:\/\/www.ividream.com\/espa%C3%B1ol\/wp-json\/wp\/v2\/media\/103"}],"wp:attachment":[{"href":"https:\/\/www.ividream.com\/espa%C3%B1ol\/wp-json\/wp\/v2\/media?parent=42"}],"curies":[{"name":"wp","href":"https:\/\/api.w.org\/{rel}","templated":true}]}}