{"id":44,"date":"2024-08-21T23:37:28","date_gmt":"2024-08-21T21:37:28","guid":{"rendered":"https:\/\/www.ividream.com\/espa%C3%B1ol\/?page_id=44"},"modified":"2024-08-24T23:16:15","modified_gmt":"2024-08-24T21:16:15","slug":"contacto","status":"publish","type":"page","link":"https:\/\/www.ividream.com\/espa%C3%B1ol\/contacto\/","title":{"rendered":"CONTACTO"},"content":{"rendered":"<p>\u00a1Nos encantar\u00eda saber de ti! Si tienes preguntas, sugerencias o simplemente deseas compartir tu pasi\u00f3n por la animaci\u00f3n japonesa, no dudes en ponerte en contacto con nosotros.<\/p>\n<p><strong>Informaci\u00f3n de Contacto<\/strong><\/p>\n<p><strong>Correo Electr\u00f3nico:<\/strong> info@ividream.com<br \/>\n<strong>Tel\u00e9fono:<\/strong> +34 928 223 521<br \/>\n<strong>Direcci\u00f3n:<\/strong> Calle Eduardo Benot, 51 1-B, 35008 &#8211; Las Palmas de Gran Canaria<\/p>\n<p><strong>Redes Sociales<\/strong><br \/>\nS\u00edguenos en nuestras redes sociales para estar al tanto de las \u00faltimas novedades, eventos y lanzamientos:<\/p>\n<p><strong>Facebook:\u00a0<\/strong><br \/>\n<strong>Instagram:\u00a0<\/strong><br \/>\n<strong>X:\u00a0<\/strong><\/p>\n<p><strong>Formulario de Contacto<\/strong><br \/>\nTambi\u00e9n puedes completar el siguiente formulario y nos pondremos en contacto contigo lo antes posible:<\/p>\n\n<div class=\"wpcf7 no-js\" id=\"wpcf7-f15-o1\" lang=\"es-ES\" dir=\"ltr\">\n<div class=\"screen-reader-response\"><p role=\"status\" aria-live=\"polite\" aria-atomic=\"true\"><\/p> <ul><\/ul><\/div>\n<form action=\"\/espa%C3%B1ol\/wp-json\/wp\/v2\/pages\/44#wpcf7-f15-o1\" method=\"post\" class=\"wpcf7-form init\" aria-label=\"Formulario de contacto\" novalidate=\"novalidate\" data-status=\"init\">\n<div style=\"display: none;\">\n<input type=\"hidden\" name=\"_wpcf7\" value=\"15\" \/>\n<input type=\"hidden\" name=\"_wpcf7_version\" value=\"5.9.8\" \/>\n<input type=\"hidden\" name=\"_wpcf7_locale\" value=\"es_ES\" \/>\n<input type=\"hidden\" name=\"_wpcf7_unit_tag\" value=\"wpcf7-f15-o1\" \/>\n<input type=\"hidden\" name=\"_wpcf7_container_post\" value=\"0\" \/>\n<input type=\"hidden\" name=\"_wpcf7_posted_data_hash\" value=\"\" \/>\n<\/div>\n<p><label> Nombre<br \/>\n<span class=\"wpcf7-form-control-wrap\" data-name=\"your-name\"><input size=\"40\" maxlength=\"400\" class=\"wpcf7-form-control wpcf7-text wpcf7-validates-as-required\" autocomplete=\"name\" aria-required=\"true\" aria-invalid=\"false\" value=\"\" type=\"text\" name=\"your-name\" \/><\/span> <\/label>\n<\/p>\n<p><label> email<br \/>\n<span class=\"wpcf7-form-control-wrap\" data-name=\"your-email\"><input size=\"40\" maxlength=\"400\" class=\"wpcf7-form-control wpcf7-email wpcf7-validates-as-required wpcf7-text wpcf7-validates-as-email\" autocomplete=\"email\" aria-required=\"true\" aria-invalid=\"false\" value=\"\" type=\"email\" name=\"your-email\" \/><\/span> <\/label>\n<\/p>\n<p><label> Asunto<br \/>\n<span class=\"wpcf7-form-control-wrap\" data-name=\"your-subject\"><input size=\"40\" maxlength=\"400\" class=\"wpcf7-form-control wpcf7-text wpcf7-validates-as-required\" aria-required=\"true\" aria-invalid=\"false\" value=\"\" type=\"text\" name=\"your-subject\" \/><\/span> <\/label>\n<\/p>\n<p><label> Mensaje (optional)<br \/>\n<span class=\"wpcf7-form-control-wrap\" data-name=\"your-message\"><textarea cols=\"40\" rows=\"10\" maxlength=\"2000\" class=\"wpcf7-form-control wpcf7-textarea\" aria-invalid=\"false\" name=\"your-message\"><\/textarea><\/span> <\/label>\n<\/p>\n<p><input class=\"wpcf7-form-control wpcf7-submit has-spinner\" type=\"submit\" value=\"Enviar\" \/>\n<\/p><div class=\"wpcf7-response-output\" aria-hidden=\"true\"><\/div>\n<\/form>\n<\/div>\n\n<p>\u00a1Gracias por tu inter\u00e9s en la animaci\u00f3n japonesa!<\/p>\n","protected":false},"excerpt":{"rendered":"<p>\u00a1Nos encantar\u00eda saber de ti! Si tienes preguntas, sugerencias o simplemente deseas compartir tu pasi\u00f3n por la animaci\u00f3n japonesa, no dudes en ponerte en contacto con nosotros. Informaci\u00f3n de Contacto Correo Electr\u00f3nico: info@ividream.com Tel\u00e9fono: +34 928 223 521 Direcci\u00f3n: Calle Eduardo Benot, 51 1-B, 35008 &#8211; Las Palmas de Gran Canaria Redes Sociales S\u00edguenos en [&hellip;]<\/p>\n","protected":false},"author":1,"featured_media":104,"parent":0,"menu_order":0,"comment_status":"closed","ping_status":"closed","template":"","meta":{"footnotes":""},"class_list":{"0":"post-44","1":"page","2":"type-page","3":"status-publish","4":"has-post-thumbnail","6":"entry"},"_links":{"self":[{"href":"https:\/\/www.ividream.com\/espa%C3%B1ol\/wp-json\/wp\/v2\/pages\/44","targetHints":{"allow":["GET"]}}],"collection":[{"href":"https:\/\/www.ividream.com\/espa%C3%B1ol\/wp-json\/wp\/v2\/pages"}],"about":[{"href":"https:\/\/www.ividream.com\/espa%C3%B1ol\/wp-json\/wp\/v2\/types\/page"}],"author":[{"embeddable":true,"href":"https:\/\/www.ividream.com\/espa%C3%B1ol\/wp-json\/wp\/v2\/users\/1"}],"replies":[{"embeddable":true,"href":"https:\/\/www.ividream.com\/espa%C3%B1ol\/wp-json\/wp\/v2\/comments?post=44"}],"version-history":[{"count":2,"href":"https:\/\/www.ividream.com\/espa%C3%B1ol\/wp-json\/wp\/v2\/pages\/44\/revisions"}],"predecessor-version":[{"id":55,"href":"https:\/\/www.ividream.com\/espa%C3%B1ol\/wp-json\/wp\/v2\/pages\/44\/revisions\/55"}],"wp:featuredmedia":[{"embeddable":true,"href":"https:\/\/www.ividream.com\/espa%C3%B1ol\/wp-json\/wp\/v2\/media\/104"}],"wp:attachment":[{"href":"https:\/\/www.ividream.com\/espa%C3%B1ol\/wp-json\/wp\/v2\/media?parent=44"}],"curies":[{"name":"wp","href":"https:\/\/api.w.org\/{rel}","templated":true}]}}