{"id":98,"date":"2024-08-24T12:30:10","date_gmt":"2024-08-24T10:30:10","guid":{"rendered":"https:\/\/www.ividream.com\/espa%C3%B1ol\/?page_id=98"},"modified":"2024-08-24T12:30:11","modified_gmt":"2024-08-24T10:30:11","slug":"politica-de-privacidad","status":"publish","type":"page","link":"https:\/\/www.ividream.com\/espa%C3%B1ol\/politica-de-privacidad\/","title":{"rendered":"Pol\u00edtica de Privacidad"},"content":{"rendered":"<div class=\"col-sm-12\" role=\"heading\">\n<div class=\"region region-header\">\n<div class=\"page-title-wrapper\"><\/div>\n<\/div>\n<\/div>\n<section class=\"col-sm-12\">\n<div class=\"region region-content\">\n<article class=\"page full clearfix\" role=\"article\">\n<div class=\"content\">\n<div class=\"field field--name-body field--type-text-with-summary field--label-hidden field--item\">\n<h3>1. \u00bfQui\u00e9n es el responsable de sus datos?<\/h3>\n<ol>\n<li><strong>Identidad:<\/strong> IVI DREAM SL<\/li>\n<li><strong>CIF:<\/strong><\/li>\n<li><strong>Direcci\u00f3n postal:<\/strong> Calle Eduardo Benot, 51 1-B, 35008 \u2013 Las Palmas de Gran Canaria<\/li>\n<li><strong>Correo electr\u00f3nico:<\/strong> info@ividream.com<\/li>\n<\/ol>\n<p><strong>IVI DREAM SL<\/strong>, como responsable del Sitio web, de conformidad con lo que dispone el Reglamento (UE) 2016\/679 de 27 de abril de 2016 (RGPD) relativo a la protecci\u00f3n de las personas f\u00edsicas en cuanto al tratamiento de datos personales y a la libre circulaci\u00f3n de estos datos, en la Ley Org\u00e1nica 3\/2018, de 5 de diciembre, de protecci\u00f3n de datos personales y garant\u00eda de los derechos digitales y por la Ley 34\/2002, de 11 de julio, de Servicios de la Sociedad de la Informaci\u00f3n y del Comercio Electr\u00f3nico (LSSICE), le informa de que tiene implementadas las medidas de seguridad necesarias, de \u00edndole t\u00e9cnica y organizativas, para garantizar y proteger la confidencialidad, integridad y disponibilidad de los datos introducidos.<\/p>\n<h3>2. \u00bfPara qu\u00e9 finalidad tratamos sus datos?<\/h3>\n<p>Sus datos personales s\u00f3lo se utilizar\u00e1n para las siguientes finalidades:<\/p>\n<ul>\n<li>Realizar las gestiones administrativas necesarias con los usuarios de la web;<\/li>\n<li>Remitir las comunicaciones comerciales publicitarias por email, fax, SMS, MMS, comunidades sociales o cualquiera otro medio electr\u00f3nico o f\u00edsico, en caso de que el Usuario haya consentido expresamente al env\u00edo de comunicaciones comerciales por v\u00eda electr\u00f3nica mediante la suscripci\u00f3n de la newsletter;<\/li>\n<li>Responder a las consultas y\/o proporcionar informaciones requeridas por el Usuario;<\/li>\n<li>Realizar las prestaciones de servicios y\/o o subscritos por el Usuario.<\/li>\n<li>Participar en premios y concursos.<\/li>\n<li>Utilizar sus datos para contactarle, tanto por v\u00eda electr\u00f3nica como no electr\u00f3nica, para obtener su opini\u00f3n sobre el servicio prestado.<\/li>\n<li>Notificarle cambios, desarrollos importantes de la pol\u00edtica de privacidad, aviso legal o pol\u00edtica de cookies.<\/li>\n<\/ul>\n<p>Puede revocar en cualquier momento su consentimiento remitiendo un escrito con el asunto \u201cBaja\u201d a\u00a0info@ividream.com.<\/p>\n<p>De acuerdo con la LSSICE, <strong>IVI DREAM SL<\/strong> no realiza pr\u00e1cticas de SPAM, por lo tanto, que no hayan sido previamente solicitados o autorizados por el Usuario. En consecuencia, en todas las comunicaciones que recibir\u00e1 de <strong>IVI DREAM SL<\/strong>, el usuario tiene la posibilidad de cancelar su consentimiento expreso para recibir nuestras comunicaciones.<\/p>\n<p>No trataremos sus datos personales para ninguna otra finalidad de las descritas salvo por obligaci\u00f3n legal o requerimiento judicial.<\/p>\n<p>Sus datos se conservar\u00e1n mientras dure el contrato con nosotros o ejercite su derecho de cancelaci\u00f3n u oposici\u00f3n, o limitaci\u00f3n al tratamiento. Sin embargo, conservaremos determinados datos personales identificativos y del tr\u00e1fico durante el plazo m\u00e1ximo de 2 a\u00f1os para el caso de que fuera requerido por los Jueces y Tribunales o para incoar acciones internas derivadas del uso indebido de la p\u00e1gina web.<\/p>\n<p>No ser\u00e1 objeto de decisiones basadas en tratamientos automatizados que produzcan efectos sobre sus datos.<\/p>\n<h3>3. \u00bfCu\u00e1l es la base de legitimaci\u00f3n para el tratamiento de sus datos?<\/h3>\n<p>La base legal para el tratamiento de los datos puede ser una misi\u00f3n realizada en inter\u00e9s p\u00fablico, obligaci\u00f3n legal, cumplimiento contractual, y en otros casos, consentimiento del interesado dependiendo de la finalidad para cual se recabaron sus datos personales, de acuerdo con el art\u00edculo 6 del Reglamento Europeo de protecci\u00f3n de datos.<\/p>\n<p>Puede consultar el\u00a0<a href=\"https:\/\/www.unileon.es\/seguridad-de-la-informacion-y-proteccion-de-datos\/proteccion-de-datos\/actividades-de-tratamiento\">registro de actividades de tratamiento<\/a>, con el fin de consultar las actividades de tratamiento y la finalidad para la cual se recabaron sus datos como la consulta de la base de legitimaci\u00f3n para tratar los mismos.<\/p>\n<h3>4. Comunicaci\u00f3n de datos personales<\/h3>\n<p><strong>IVI DREAM SL<\/strong> no lleva a cabo cesiones a terceros que proceden al tratamiento m\u00e1s all\u00e1 de las legalmente previstas. No se realizar\u00e1n transferencias internacionales de datos. La informaci\u00f3n que usted nos proporcione tanto a trav\u00e9s de este sitio web como a trav\u00e9s de la aplicaci\u00f3n ser\u00e1 alojada en los servidores de <strong>IVI DREAM SL<\/strong>.<\/p>\n<h3>5. \u00bfQu\u00e9 derechos puedo ejercitar como interesado?<\/h3>\n<p>Como interesado, puede solicitar el ejercicio de los siguientes derechos ante <strong>IVI DREAM SL <\/strong>presentando un escrito a la direcci\u00f3n postal del encabezamiento o enviando un correo electr\u00f3nico a info@ividream.com indicando como Asunto: \u201cRGPD, Derechos afectado\u201d, y adjuntando fotocopia de su DNI o cualquier medio an\u00e1logo en derecho, tal y como indica la ley.<\/p>\n<ul>\n<li><strong>Derecho de acceso:<\/strong>\u00a0permite al interesado conocer y obtener informaci\u00f3n sobre sus datos de car\u00e1cter personal sometidos a tratamiento.<\/li>\n<li><strong>Derecho de rectificaci\u00f3n o supresi\u00f3n:<\/strong>\u00a0permite corregir errores y modificar los datos que resulten ser inexactos o incompletos.<\/li>\n<li><strong>Derecho de cancelaci\u00f3n:<\/strong>\u00a0permite que se supriman los datos que resulten ser inadecuados o excesivos.<\/li>\n<li><strong>Derecho de oposici\u00f3n:<\/strong>\u00a0derecho del interesado a que no se lleve a cabo el tratamiento de sus datos de car\u00e1cter personal o se cese en el mismo.<\/li>\n<li><strong>Limitaci\u00f3n del tratamiento:<\/strong>\u00a0conlleva el marcado de los datos personales conservados, con la finalidad de limitar su futuro tratamiento.<\/li>\n<li><strong>Portabilidad de los datos:<\/strong>\u00a0facilitaci\u00f3n de los datos objeto de tratamiento al interesado, a fin de que \u00e9ste pueda transmitirlos a otro responsable, sin impedimentos.<\/li>\n<li><strong>Derecho a no ser objeto de decisiones individuales automatizadas (incluida la elaboraci\u00f3n de perfiles):<\/strong>\u00a0derecho a no ser objeto de una decisi\u00f3n basada en el tratamiento automatizado que produzca efectos o afecte significativamente.<\/li>\n<\/ul>\n<p>Adem\u00e1s, tiene derecho a retirar el consentimiento prestado en cualquier momento. La retirada del consentimiento no afectar\u00e1 a la licitud del tratamiento efectuado antes de la retirada del consentimiento.<\/p>\n<p>Tambi\u00e9n tiene derecho a presentar una reclamaci\u00f3n ante la autoridad de control si considera que pueden haberse visto vulnerados sus derechos con relaci\u00f3n a la protecci\u00f3n de sus datos (agpd.es)<\/p>\n<p>En cuanto a su imagen, le informamos que las fotograf\u00edas que est\u00e9n colgadas en la web son propiedad de <strong>IVI DREAM SL<\/strong>, incluyendo las de los menores, en las que, para la obtenci\u00f3n de estas, se ha obtenido el consentimiento previo de los padres, tutores o representantes legales mediante la firma de los formularios realizados al efecto por los centros en los cuales los menores forman parte.<\/p>\n<h3>6. \u00bfQu\u00e9 medidas de seguridad se tomar\u00e1n para proteger mis datos personales?<\/h3>\n<p>Los datos que nos facilite se tratar\u00e1n de forma confidencial.<\/p>\n<p><strong>IVI DREAM SL<\/strong> ha adoptado todas las medidas t\u00e9cnicas y organizativas del Esquema Nacional de Seguridad para garantizar la seguridad en el tratamiento de los datos y evitar su alteraci\u00f3n, p\u00e9rdida, robo, tratamiento o acceso no autorizado, de acuerdo el estado de la tecnolog\u00eda y naturaleza de los datos almacenados. As\u00ed mismo, se garantiza tambi\u00e9n que el tratamiento y registro en programas, sistemas o equipos, locales y centros cumplen con los requisitos y condiciones de integridad y seguridad establecidas en la normativa vigente.<\/p>\n<h3>7. Posteriores modificaciones de esta pol\u00edtica y fuero competente<\/h3>\n<p><strong>IVI DREAM SL<\/strong> se reserva el derecho a modificar la presente pol\u00edtica para adaptarla a novedades legislativas o jurisprudenciales.<\/p>\n<p>A todos los efectos las relaciones entre <strong>IVI DREAM SL<\/strong> con los Usuarios de sus servicios telem\u00e1ticos, presentes en esta Web, est\u00e1n sometidos a la legislaci\u00f3n y jurisdicci\u00f3n espa\u00f1ola a la que se someten expresamente las partes, siendo competentes por la resoluci\u00f3n de todos los conflictos derivados o relacionados con su uso los Juzgados y Tribunales de Las Palmas de Gran Canaria.<\/p>\n<\/div>\n<\/div>\n<\/article>\n<\/div>\n<\/section>\n","protected":false},"excerpt":{"rendered":"<p>1. \u00bfQui\u00e9n es el responsable de sus datos? Identidad: IVI DREAM SL CIF: Direcci\u00f3n postal: Calle Eduardo Benot, 51 1-B, 35008 \u2013 Las Palmas de Gran Canaria Correo electr\u00f3nico: info@ividream.com IVI DREAM SL, como responsable del Sitio web, de conformidad con lo que dispone el Reglamento (UE) 2016\/679 de 27 de abril de 2016 (RGPD) [&hellip;]<\/p>\n","protected":false},"author":1,"featured_media":0,"parent":0,"menu_order":0,"comment_status":"closed","ping_status":"closed","template":"","meta":{"footnotes":""},"class_list":{"0":"post-98","1":"page","2":"type-page","3":"status-publish","5":"entry"},"_links":{"self":[{"href":"https:\/\/www.ividream.com\/espa%C3%B1ol\/wp-json\/wp\/v2\/pages\/98","targetHints":{"allow":["GET"]}}],"collection":[{"href":"https:\/\/www.ividream.com\/espa%C3%B1ol\/wp-json\/wp\/v2\/pages"}],"about":[{"href":"https:\/\/www.ividream.com\/espa%C3%B1ol\/wp-json\/wp\/v2\/types\/page"}],"author":[{"embeddable":true,"href":"https:\/\/www.ividream.com\/espa%C3%B1ol\/wp-json\/wp\/v2\/users\/1"}],"replies":[{"embeddable":true,"href":"https:\/\/www.ividream.com\/espa%C3%B1ol\/wp-json\/wp\/v2\/comments?post=98"}],"version-history":[{"count":1,"href":"https:\/\/www.ividream.com\/espa%C3%B1ol\/wp-json\/wp\/v2\/pages\/98\/revisions"}],"predecessor-version":[{"id":99,"href":"https:\/\/www.ividream.com\/espa%C3%B1ol\/wp-json\/wp\/v2\/pages\/98\/revisions\/99"}],"wp:attachment":[{"href":"https:\/\/www.ividream.com\/espa%C3%B1ol\/wp-json\/wp\/v2\/media?parent=98"}],"curies":[{"name":"wp","href":"https:\/\/api.w.org\/{rel}","templated":true}]}}